{"id":48,"date":"2015-06-22T12:30:56","date_gmt":"2015-06-22T10:30:56","guid":{"rendered":"http:\/\/m89.corsidistudio.unina.it\/?page_id=48"},"modified":"2015-08-21T09:49:40","modified_gmt":"2015-08-21T07:49:40","slug":"formazione-estero","status":"publish","type":"page","link":"https:\/\/m89.corsidistudio.unina.it\/?page_id=48","title":{"rendered":"Formazione estero"},"content":{"rendered":"<p style=\"text-align: justify\"><span style=\"color: #333399\"><strong>Programma Erasmus +<\/strong><\/span><\/p>\n<p style=\"text-align: justify\"><strong>Erasmus +<\/strong> \u00e8 il nuovo programma dell&#8217;Unione Europea per l&#8217;istruzione, la formazione, la giovent\u00f9 e lo sport per il periodo 2014-2020. Fra gli obbiettivi del programma vi \u00e8 quello di offrire maggiori opportunit\u00e0 di mobilit\u00e0 ai fini dell&#8217;apprendimento e rafforzare la cooperazione tra mondo dell&#8217;istruzione e della formazione e mondo del lavoro. Le mobilit\u00e0 possono prevedere un periodo di studio presso un istituto partner o un tirocinio o l&#8217;acquisizione di esperienza quale assistente o tirocinante all&#8217;estero. E&#8217; sostenuta inoltre la mobilit\u00e0 organizzata sulla base di diplomi congiunti, doppi o multipli di alta qualit\u00e0.<\/p>\n<ul>\n<li style=\"text-align: justify\"><b>Aventi diritto:<\/b> gli studenti, regolarmente iscritti a Corsi di Laurea, Dottorato, Master, Scuole di Specializzazione presso l&#8217;Ateneo, possono recarsi per un periodo, presso un&#8217;Universit\u00e0 Europea, che abbia sottoscritto un accordo, per compiere attivit\u00e0 di studio equivalenti a quelle svolte nell&#8217;Universit\u00e0 di provenienza. Gli studenti partecipanti al programma, per il principio direttivo della parit\u00e0 saranno ritenuti a tutti gli effetti iscritti presso l&#8217;Universit\u00e0 ospitante.<\/li>\n<li style=\"text-align: justify\"><strong>Periodo Formativo<\/strong>: tale periodo \u00e8 compreso tra il 1\u00b0 giugno dell&#8217;anno di pubblicazione del bando ed il 30 Settembre dell&#8217;anno solare successivo; la durata pu\u00f2 oscillare da un minimo di tre mesi ad un massimo di dodici, e viene stabilita dallo studente previo accordo con il promotore sulla base delle date di inizio e fine dei corsi delle attivit\u00e0 presso le differenti sedi universitarie.<\/li>\n<li style=\"text-align: justify\"><strong>Costi e contributi:<\/strong> l&#8217;universit\u00e0 ospitante non richieder\u00e0 alcun tipo di tassa o contributo universitario per frequenza, immatricolazione ed utilizzo degli strumenti per la didattica etc. Essa potr\u00e0 tuttavia richiedere il pagamento di modesti contributi, ad esempio per assicurazioni e materiali vari a parit\u00e0 di condizioni con gli studenti locali. Al fine di favorire la mobilit\u00e0 l&#8217;Agenzia Nazionale LLP eroga ogni anno contributi alle borse di mobilit\u00e0 studentesca intesi sostanzialmente ad integrare i costi del soggiorno all&#8217;estero dello studente.<\/li>\n<li style=\"text-align: justify\"><strong>Supporto linguistico<\/strong>: per ciascun anno accademico vengono attivati, dall&#8217;Ateneo, dei corsi di lingua intensivi gratuiti grazie al contributo della Commissione Europea . I corsi, organizzati dal Centro Linguistico d&#8217;Ateneo, hanno una durata di 60 ore e si svolgono tra i mesi di Luglio e Settembre.<\/li>\n<\/ul>\n<div style=\"text-align: center\"><span style=\"text-decoration: underline\">Clicca l&#8217;immagine per scoprire maggiori dettagli del Programma Erasmus +!<\/span><\/div>\n<div style=\"text-align: justify\">\u00a0<a href=\"http:\/\/www.unina.it\/didattica\/opportunita-studenti\/erasmus\/programma?p_p_id=disclaimer_WAR_disclaimerportlet&amp;p_p_lifecycle=0&amp;p_p_state=normal&amp;p_p_mode=view&amp;_disclaimer_WAR_disclaimerportlet_jspPage=%2Fdisclaimer.jsp&amp;_disclaimer_WAR_disclaimerportlet_url=%2Fdidattica%2Fopportunita-studenti%2Ferasmus%2Fprogramma\" target=\"_blank\"><img loading=\"lazy\" decoding=\"async\" class=\" size-large wp-image-294 aligncenter\" src=\"http:\/\/m89.corsidistudio.unina.it\/wp-content\/uploads\/sites\/23\/2015\/06\/Erasmus1-1024x526.jpg\" alt=\"Erasmus\" width=\"625\" height=\"321\" srcset=\"https:\/\/m89.corsidistudio.unina.it\/wp-content\/uploads\/sites\/23\/2015\/06\/Erasmus1-1024x526.jpg 1024w, https:\/\/m89.corsidistudio.unina.it\/wp-content\/uploads\/sites\/23\/2015\/06\/Erasmus1-300x154.jpg 300w, https:\/\/m89.corsidistudio.unina.it\/wp-content\/uploads\/sites\/23\/2015\/06\/Erasmus1-624x320.jpg 624w, https:\/\/m89.corsidistudio.unina.it\/wp-content\/uploads\/sites\/23\/2015\/06\/Erasmus1.jpg 1167w\" sizes=\"auto, (max-width: 625px) 100vw, 625px\" \/><\/a><\/div>\n<p>&nbsp;<\/p>\n","protected":false},"excerpt":{"rendered":"<p>Programma Erasmus + Erasmus + \u00e8 il nuovo programma dell&#8217;Unione Europea per l&#8217;istruzione, la formazione, la giovent\u00f9 e lo sport per il periodo 2014-2020. Fra &#8230; <\/p>\n","protected":false},"author":3,"featured_media":0,"parent":42,"menu_order":0,"comment_status":"open","ping_status":"closed","template":"page-fullwidth.php","meta":{"footnotes":""},"class_list":["post-48","page","type-page","status-publish","hentry"],"_links":{"self":[{"href":"https:\/\/m89.corsidistudio.unina.it\/index.php?rest_route=\/wp\/v2\/pages\/48","targetHints":{"allow":["GET"]}}],"collection":[{"href":"https:\/\/m89.corsidistudio.unina.it\/index.php?rest_route=\/wp\/v2\/pages"}],"about":[{"href":"https:\/\/m89.corsidistudio.unina.it\/index.php?rest_route=\/wp\/v2\/types\/page"}],"author":[{"embeddable":true,"href":"https:\/\/m89.corsidistudio.unina.it\/index.php?rest_route=\/wp\/v2\/users\/3"}],"replies":[{"embeddable":true,"href":"https:\/\/m89.corsidistudio.unina.it\/index.php?rest_route=%2Fwp%2Fv2%2Fcomments&post=48"}],"version-history":[{"count":6,"href":"https:\/\/m89.corsidistudio.unina.it\/index.php?rest_route=\/wp\/v2\/pages\/48\/revisions"}],"predecessor-version":[{"id":297,"href":"https:\/\/m89.corsidistudio.unina.it\/index.php?rest_route=\/wp\/v2\/pages\/48\/revisions\/297"}],"up":[{"embeddable":true,"href":"https:\/\/m89.corsidistudio.unina.it\/index.php?rest_route=\/wp\/v2\/pages\/42"}],"wp:attachment":[{"href":"https:\/\/m89.corsidistudio.unina.it\/index.php?rest_route=%2Fwp%2Fv2%2Fmedia&parent=48"}],"curies":[{"name":"wp","href":"https:\/\/api.w.org\/{rel}","templated":true}]}}