{"id":23,"date":"2015-06-22T12:28:30","date_gmt":"2015-06-22T10:28:30","guid":{"rendered":"http:\/\/m89.corsidistudio.unina.it\/?page_id=23"},"modified":"2025-02-03T09:27:59","modified_gmt":"2025-02-03T08:27:59","slug":"organizzazione","status":"publish","type":"page","link":"https:\/\/m89.corsidistudio.unina.it\/?page_id=23","title":{"rendered":"Organizzazione"},"content":{"rendered":"<p><span style=\"color: #ff0000\"><strong>Ammissione al CdS in Dietistica<\/strong><\/span><\/p>\n<p style=\"text-align: justify\">L&#8217;accesso al CdS in Dietistica \u00e8 a numero programmato in base alla legge 264\/99 e prevede un esame di ammissione che consiste in una prova con test a scelta multipla. Possono essere ammessi al CdS in Dietista i candidati che siano in possesso di Diploma di Scuola media superiore o di titolo estero equipollente. Il numero di Studenti ammessi al CdS\u00a0\u00e8 definito in base alla programmazione nazionale ed alla disponibilit\u00e0 di Personale docente, di strutture didattiche (aule, laboratori) e di strutture assistenziali utilizzabili per la conduzione delle attivit\u00e0 pratiche, coerentemente con le raccomandazioni dell&#8217;Unione Europea, applicando i parametri e le direttive predisposti dall\u2019Ateneo e dalla Facolt\u00e0.<\/p>\n<p style=\"text-align: justify\"><span style=\"color: #ff0000\"><strong>Crediti Formativi<\/strong><\/span><\/p>\n<p style=\"text-align: justify\">Il CdS in Dietistica prevede 180 CFU complessivi, articolati in tre anni di corso, di cui almeno 60 da acquisire in attivit\u00e0 formative finalizzate alla maturazione di specifiche capacit\u00e0 professionali <em>(tirocinio)<\/em>. Ad ogni CFU corrispondono 25 ore di lavoro dello Studente, comprensive:<\/p>\n<ul style=\"text-align: justify\">\n<li>delle ore di lezione;<\/li>\n<li>delle ore di attivit\u00e0 didattica tutoriale svolta in laboratori, reparti assistenziali, ambulatori, day hospital;<\/li>\n<li>delle ore di seminario;<\/li>\n<li>delle ore spese dallo Studente nelle altre attivit\u00e0 formative previste dall&#8217;Ordinamento didattico;<\/li>\n<li>delle ore di studio autonomo necessarie per completare la sua formazione (non inferiore al 50%).<\/li>\n<\/ul>\n<p style=\"text-align: justify\">I crediti corrispondenti a ciascun Corso di insegnamento e\/o attivit\u00e0 didattica sono acquisiti dallo Studente con il superamento del relativo esame (di profitto o di idoneit\u00e0)<\/p>\n<p style=\"text-align: justify\"><span style=\"color: #ff0000\"><strong>Struttura Organizzativa del CdS in Dietistica<\/strong><\/span><\/p>\n<p style=\"text-align: justify\">Il Corso di\u00a0Studio in Dietistica\u00a0\u00e8 suddiviso in semestri, che prevedono aree didattiche propedeutiche e complementari per il raggiungimento degli obiettivi formativi,\u00a0e strutturato come riportato di seguito:<strong>\u00a0<\/strong><\/p>\n<ul>\n<li style=\"text-align: justify\"><span style=\"color: #333399\"><em><strong>I Anno\u00a0I Semestre<\/strong><\/em><\/span> \u21d2 <u>Obiettivo<\/u>: lo Studente apprende le basi per la comprensione qualitativa e quantitativa dei fenomeni biologici.<\/li>\n<li style=\"text-align: justify\"><strong><em><span style=\"color: #993366\">I Anno II Semestre<\/span><\/em> \u21d2 <\/strong><u>Obiettivo<\/u>: lo Studente apprende le interrelazioni tra fattori genetici ed ambientali nello sviluppo delle malattie con particolare riguardo ai fattori nutrizionali; inoltre, deve approfondire i principi generali dell\u2019economia, della psicologia e dell\u2019etica professionale.<\/li>\n<li style=\"text-align: justify\"><span style=\"color: #008000\"><em><strong>II Anno <\/strong><\/em><\/span><strong><span style=\"color: #008000\"><em>I Semestre<\/em><\/span> \u21d2 <\/strong><u>Obiettivo<\/u>: lo Studente impara a valutare le caratteristiche chimiche, tecnologiche e merceologiche degli alimenti ed il loro impatto sui processi fisiologici.<\/li>\n<li style=\"text-align: justify\"><strong><span style=\"color: #ff6600\"><em>II Anno II Semestre<\/em><\/span> \u21d2 <\/strong><u>Obiettivo<\/u>: lo Studente apprende i principi generali dell\u2019alimentazione dell\u2019uomo sano, le caratteristiche igienico organizzative della nutrizione delle collettivit\u00e0, gli aspetti fondamentali dell\u2019educazione sanitaria ed alimentare nonch\u00e8 gli aspetti salienti delle malattie dell\u2019apparato digerente e del metabolismo in relazione alla dieta.<\/li>\n<li style=\"text-align: justify\"><span style=\"color: #666699\"><em><strong>III Anno <\/strong><\/em><\/span><strong><span style=\"color: #666699\"><em>I Semestre<\/em><\/span> \u21d2 <\/strong><u>Obiettivo<\/u>: lo Studente\u00a0 apprende i principi generali della nutrizione in et\u00e0 evolutiva e durante la gravidanza, le caratteristiche salienti dell\u2019intervento nutrizionale idoneo per la prevenzione e la terapia delle principali patologie cardiovascolari e renali.<\/li>\n<li style=\"text-align: justify\"><strong><em>III Anno II Semestre<\/em> \u21d2 <\/strong><u>Obiettivo<\/u>: lo Studente apprende le caratteristiche dei principali disturbi del comportamento alimentare\u00a0 e le idonee misure di correzione terapeutica nonch\u00e9 i principi generali per la utilizzazione della nutrizione artificiale in clinica.<\/li>\n<\/ul>\n<p>Per informazioni dettagliate sui Corsi Integrati attivi per l&#8217;a.a. 2016.2017, <a href=\"http:\/\/m89.corsidistudio.unina.it\/?attachment_id=311\" rel=\"attachment wp-att-311\">clicca qui!<\/a><\/p>\n<p><strong><span style=\"color: #ff0000\">Obbligo di Frequenza<\/span><\/strong><\/p>\n<div style=\"text-align: justify\">\n<p>La frequenza all&#8217;attivit\u00e0 didattica formale, alle attivit\u00e0 integrative, alle attivit\u00e0 formative professionalizzanti e di tirocinio \u00e8 obbligatoria. Le prove di esame potranno esse sostenute esclusivamente con una frequenza non inferiore al 75% del totale delle ore previste per ogni singolo insegnamento. Il passaggio agli anni successivi \u00e8 consentito solo se lo studente ha frequentato l&#8217;attivit\u00e0 didattica formale e completato il monte ore di tirocinio previsto. L\u2019accesso alla frequenza del tirocinio dell\u2019anno successivo \u00e8 vincolato all\u2019esito positivo del tirocinio dell\u2019anno precedente. Per essere ammesso all&#8217;esame finale di laurea \u2011 che ha valore abilitante \u2011 lo studente deve aver superato tutti gli esami di profitto, ed avere avuto una valutazione positiva di tutti i tirocini.<\/p>\n<p><span style=\"color: #ff0000\"><strong>Sbarramenti<\/strong><\/span><\/p>\n<p>\u00c8 consentito il passaggio da un anno al successivo esclusivamente agli Studenti che, al termine della sessione di esami di settembre\/ottobre o, comunque, prima dell&#8217;inizio dei corsi del 1 \u00b0 semestre, abbiano acquisito tutti i crediti formativi previsti dal piano di studi, con un debito massimo di 20 crediti rispettando le propedeuticit\u00e0 previste dal piano di studi. Lo studente si considera <em>`fuori corso <\/em>&#8221; quando, avendo frequentato le attivit\u00e0 formative previste dall&#8217;Ordinamento, non abbia superato gli esami e le altre prove di verifica relative all&#8217;intero curriculum e non abbia acquisito il numero di crediti necessari al conseguimento del titolo. Lo studente decade dal suo <em>status<\/em> qualora non abbia superato alcuno degli esami previsti dall\u2019ordinamento per cinque anni consecutivi dall\u2019ultimo esame superato, secondo quanto riportato nel Regolamento Didattico di Ateneo.<\/p>\n<p>Maggiori dettagli possono essere trovati sul <a href=\"https:\/\/m89.corsidistudio.unina.it\/wp-content\/uploads\/sites\/23\/2025\/02\/Regolamento-Didattico-CdL-Dietistica-DM-270.pdf\">Regolamento Didattico <\/a><\/p>\n<\/div>\n","protected":false},"excerpt":{"rendered":"<p>Ammissione al CdS in Dietistica L&#8217;accesso al CdS in Dietistica \u00e8 a numero programmato in base alla legge 264\/99 e prevede un esame di ammissione &#8230; <\/p>\n","protected":false},"author":3,"featured_media":0,"parent":19,"menu_order":0,"comment_status":"closed","ping_status":"closed","template":"page-fullwidth.php","meta":{"footnotes":""},"class_list":["post-23","page","type-page","status-publish","hentry"],"_links":{"self":[{"href":"https:\/\/m89.corsidistudio.unina.it\/index.php?rest_route=\/wp\/v2\/pages\/23","targetHints":{"allow":["GET"]}}],"collection":[{"href":"https:\/\/m89.corsidistudio.unina.it\/index.php?rest_route=\/wp\/v2\/pages"}],"about":[{"href":"https:\/\/m89.corsidistudio.unina.it\/index.php?rest_route=\/wp\/v2\/types\/page"}],"author":[{"embeddable":true,"href":"https:\/\/m89.corsidistudio.unina.it\/index.php?rest_route=\/wp\/v2\/users\/3"}],"replies":[{"embeddable":true,"href":"https:\/\/m89.corsidistudio.unina.it\/index.php?rest_route=%2Fwp%2Fv2%2Fcomments&post=23"}],"version-history":[{"count":7,"href":"https:\/\/m89.corsidistudio.unina.it\/index.php?rest_route=\/wp\/v2\/pages\/23\/revisions"}],"predecessor-version":[{"id":1134,"href":"https:\/\/m89.corsidistudio.unina.it\/index.php?rest_route=\/wp\/v2\/pages\/23\/revisions\/1134"}],"up":[{"embeddable":true,"href":"https:\/\/m89.corsidistudio.unina.it\/index.php?rest_route=\/wp\/v2\/pages\/19"}],"wp:attachment":[{"href":"https:\/\/m89.corsidistudio.unina.it\/index.php?rest_route=%2Fwp%2Fv2%2Fmedia&parent=23"}],"curies":[{"name":"wp","href":"https:\/\/api.w.org\/{rel}","templated":true}]}}